{"id":2,"date":"2023-12-18T08:20:53","date_gmt":"2023-12-18T08:20:53","guid":{"rendered":"https:\/\/lider.kagramat.us.edu.pl\/?page_id=2"},"modified":"2024-03-26T22:22:42","modified_gmt":"2024-03-26T22:22:42","slug":"oprojekcie","status":"publish","type":"page","link":"https:\/\/lider.kagramat.us.edu.pl\/index.php\/oprojekcie\/","title":{"rendered":"O projekcie"},"content":{"rendered":"<h4><span style=\"color: #808080;\">C<strong>elem projektu jest opracowanie alternatywnych materia\u0142\u00f3w w\u0119glowych dla akumulator\u00f3w litowo-jonowych z wykorzystaniem procesu grafityzacji katalitycznej. Obecnie baterie litowo-jonowe s\u0105 najbardziej preferowan\u0105 technologi\u0105, z kt\u00f3rej korzysta coraz szybciej rozwijaj\u0105cy si\u0119 rynek magazyn\u00f3w energii. Zdecydowanie najcz\u0119\u015bciej stosowanym materia\u0142em anodowym w tego typu akumulatorach jest grafit. W projekcie planowane jest wykorzystanie procesu grafityzacji katalitycznej do wytworzenia alternatywnych materia\u0142\u00f3w anodowych na bazie w\u0119gli niegrafityzuj\u0105cych, jak r\u00f3wnie\u017c optymalizacja metody grafityzacji katalitycznej materia\u0142u na bazie koksu wykorzystywanego komercyjnie. W ramach projektu przeprowadzone zostanie techniczne studium wykonalno\u015bci wykorzystania nowych grafityzowanych katalitycznie twardych materia\u0142\u00f3w w\u0119glowych jako substytutu dla materia\u0142\u00f3w grafitowych. Materia\u0142y te zostan\u0105 kompleksowo scharakteryzowane pod wzgl\u0119dem struktury i w\u0142a\u015bciwo\u015bci, a ich parametry u\u017cytkowe zostan\u0105 zestawione z materia\u0142ami anodowymi dost\u0119pnymi obecnie na rynku. Projekt jest odpowiedzi\u0105 na rosn\u0105ce \u015bwiatowe zapotrzebowanie na ta\u0144sze i bardziej wydajne materia\u0142y anodowe, oraz na ulepszone metody ich wytwarzania, d\u0105\u017c\u0105ce do ograniczenia zu\u017cycia energii elektrycznej, ochrony \u015brodowiska i ekorozwoju.<\/strong><\/span><\/h4>\n<p>&nbsp;<\/p>\n","protected":false},"excerpt":{"rendered":"<p>Celem projektu jest opracowanie alternatywnych materia\u0142\u00f3w w\u0119glowych dla akumulator\u00f3w litowo-jonowych z wykorzystaniem procesu grafityzacji katalitycznej. Obecnie baterie litowo-jonowe s\u0105 najbardziej preferowan\u0105 technologi\u0105, z kt\u00f3rej korzysta coraz szybciej rozwijaj\u0105cy si\u0119 rynek magazyn\u00f3w energii. Zdecydowanie najcz\u0119\u015bciej stosowanym materia\u0142em anodowym w tego typu akumulatorach jest grafit. W projekcie planowane jest wykorzystanie procesu grafityzacji katalitycznej do wytworzenia alternatywnych materia\u0142\u00f3w [&hellip;]<\/p>\n","protected":false},"author":1,"featured_media":0,"parent":0,"menu_order":0,"comment_status":"closed","ping_status":"open","template":"page-wide","meta":{"footnotes":""},"_links":{"self":[{"href":"https:\/\/lider.kagramat.us.edu.pl\/index.php\/wp-json\/wp\/v2\/pages\/2"}],"collection":[{"href":"https:\/\/lider.kagramat.us.edu.pl\/index.php\/wp-json\/wp\/v2\/pages"}],"about":[{"href":"https:\/\/lider.kagramat.us.edu.pl\/index.php\/wp-json\/wp\/v2\/types\/page"}],"author":[{"embeddable":true,"href":"https:\/\/lider.kagramat.us.edu.pl\/index.php\/wp-json\/wp\/v2\/users\/1"}],"replies":[{"embeddable":true,"href":"https:\/\/lider.kagramat.us.edu.pl\/index.php\/wp-json\/wp\/v2\/comments?post=2"}],"version-history":[{"count":13,"href":"https:\/\/lider.kagramat.us.edu.pl\/index.php\/wp-json\/wp\/v2\/pages\/2\/revisions"}],"predecessor-version":[{"id":149,"href":"https:\/\/lider.kagramat.us.edu.pl\/index.php\/wp-json\/wp\/v2\/pages\/2\/revisions\/149"}],"wp:attachment":[{"href":"https:\/\/lider.kagramat.us.edu.pl\/index.php\/wp-json\/wp\/v2\/media?parent=2"}],"curies":[{"name":"wp","href":"https:\/\/api.w.org\/{rel}","templated":true}]}}