{"id":67,"date":"2024-03-25T13:26:26","date_gmt":"2024-03-25T13:26:26","guid":{"rendered":"https:\/\/lider.kagramat.us.edu.pl\/?page_id=67"},"modified":"2024-03-26T10:46:15","modified_gmt":"2024-03-26T10:46:15","slug":"zespol","status":"publish","type":"page","link":"https:\/\/lider.kagramat.us.edu.pl\/index.php\/zespol\/","title":{"rendered":"Zesp\u00f3\u0142"},"content":{"rendered":"<p style=\"text-align: left;\"><strong>Kierownik projektu:<\/strong><\/p>\n<p style=\"text-align: left;\">dr in\u017c. Karolina Jurkiewicz, Uniwersytet \u015al\u0105ski<\/p>\n<p style=\"text-align: left;\">google schoolar: <a href=\"https:\/\/scholar.google.pl\/citations?hl=pl&amp;user=P7nLUdcAAAAJ&amp;view_op=list_works&amp;sortby=pubdate\">https:\/\/scholar.google.pl\/citations?hl=pl&amp;user=P7nLUdcAAAAJ&amp;view_op=list_works&amp;sortby=pubdate<\/a><\/p>\n<p>&nbsp;<\/p>\n<p><strong>Wykonawcy:<\/strong><\/p>\n<ul>\n<li>dr Pawe\u0142 Gancarz &#8211; chemik, Uniwersytet \u015al\u0105ski<\/li>\n<li>dr Barbara Liszka &#8211; chemik, Uniwersytet \u015al\u0105ski<\/li>\n<li>mgr Szymon Smyka\u0142a &#8211; in\u017cynier materia\u0142owy, Politechnika \u015al\u0105ska<\/li>\n<li>dr Dorota Zygad\u0142o, Uniwersytet \u015al\u0105ski<\/li>\n<li>dr in\u017c. Daniel Szlacheta, SGL Graphite Solutions Polska sp. z o.o.<\/li>\n<li>mgr in\u017c. Jakub Kawala, SGL Graphite Solutions Polska sp. z o.o (obecnie Vianode, Norwegia)<\/li>\n<\/ul>\n<p><strong>Studenci:<\/strong><\/p>\n<ul>\n<li>lic. Daniel Sadowski<\/li>\n<li>lic. Patryk Nokielski<\/li>\n<li>mgr Taoufik Lamrani<\/li>\n<li>mgr Marie Roger Noah Noah<\/li>\n<\/ul>\n","protected":false},"excerpt":{"rendered":"<p>Kierownik projektu: dr in\u017c. Karolina Jurkiewicz, Uniwersytet \u015al\u0105ski google schoolar: https:\/\/scholar.google.pl\/citations?hl=pl&amp;user=P7nLUdcAAAAJ&amp;view_op=list_works&amp;sortby=pubdate &nbsp; Wykonawcy: dr Pawe\u0142 Gancarz &#8211; chemik, Uniwersytet \u015al\u0105ski dr Barbara Liszka &#8211; chemik, Uniwersytet \u015al\u0105ski mgr Szymon Smyka\u0142a &#8211; in\u017cynier materia\u0142owy, Politechnika \u015al\u0105ska dr Dorota Zygad\u0142o, Uniwersytet \u015al\u0105ski dr in\u017c. Daniel Szlacheta, SGL Graphite Solutions Polska sp. z o.o. mgr in\u017c. Jakub Kawala, [&hellip;]<\/p>\n","protected":false},"author":1,"featured_media":0,"parent":0,"menu_order":0,"comment_status":"closed","ping_status":"closed","template":"","meta":{"footnotes":""},"_links":{"self":[{"href":"https:\/\/lider.kagramat.us.edu.pl\/index.php\/wp-json\/wp\/v2\/pages\/67"}],"collection":[{"href":"https:\/\/lider.kagramat.us.edu.pl\/index.php\/wp-json\/wp\/v2\/pages"}],"about":[{"href":"https:\/\/lider.kagramat.us.edu.pl\/index.php\/wp-json\/wp\/v2\/types\/page"}],"author":[{"embeddable":true,"href":"https:\/\/lider.kagramat.us.edu.pl\/index.php\/wp-json\/wp\/v2\/users\/1"}],"replies":[{"embeddable":true,"href":"https:\/\/lider.kagramat.us.edu.pl\/index.php\/wp-json\/wp\/v2\/comments?post=67"}],"version-history":[{"count":4,"href":"https:\/\/lider.kagramat.us.edu.pl\/index.php\/wp-json\/wp\/v2\/pages\/67\/revisions"}],"predecessor-version":[{"id":136,"href":"https:\/\/lider.kagramat.us.edu.pl\/index.php\/wp-json\/wp\/v2\/pages\/67\/revisions\/136"}],"wp:attachment":[{"href":"https:\/\/lider.kagramat.us.edu.pl\/index.php\/wp-json\/wp\/v2\/media?parent=67"}],"curies":[{"name":"wp","href":"https:\/\/api.w.org\/{rel}","templated":true}]}}