{"id":72,"date":"2024-03-25T13:30:51","date_gmt":"2024-03-25T13:30:51","guid":{"rendered":"https:\/\/lider.kagramat.us.edu.pl\/?page_id=72"},"modified":"2024-03-25T14:42:50","modified_gmt":"2024-03-25T14:42:50","slug":"kontakt","status":"publish","type":"page","link":"https:\/\/lider.kagramat.us.edu.pl\/index.php\/kontakt\/","title":{"rendered":"Kontakt"},"content":{"rendered":"<p>Kierownik zespo\u0142u: dr in\u017c. Karolina Jurkiewicz<\/p>\n<p>tel: +48 32 349 76 24\/ 669 495 274<\/p>\n<p>email: karolina.jurkiewicz@us.edu.pl<\/p>\n<p>adres: <a href=\"https:\/\/us.edu.pl\/\">Uniwersytet \u015al\u0105ski w Katowicach<\/a><\/p>\n<p><a href=\"https:\/\/us.edu.pl\/instytut\/ifiz\/\">Instytut Fizyki im. Augusta Che\u0142kowskiego<\/a><\/p>\n<p>ul. 75 Pu\u0142ku Piechoty 1a, pok\u00f3j F\/0\/01<\/p>\n<p>&nbsp;<\/p>\n","protected":false},"excerpt":{"rendered":"<p>Kierownik zespo\u0142u: dr in\u017c. Karolina Jurkiewicz tel: +48 32 349 76 24\/ 669 495 274 email: karolina.jurkiewicz@us.edu.pl adres: Uniwersytet \u015al\u0105ski w Katowicach Instytut Fizyki im. Augusta Che\u0142kowskiego ul. 75 Pu\u0142ku Piechoty 1a, pok\u00f3j F\/0\/01 &nbsp;<\/p>\n","protected":false},"author":1,"featured_media":0,"parent":0,"menu_order":0,"comment_status":"closed","ping_status":"closed","template":"","meta":{"footnotes":""},"_links":{"self":[{"href":"https:\/\/lider.kagramat.us.edu.pl\/index.php\/wp-json\/wp\/v2\/pages\/72"}],"collection":[{"href":"https:\/\/lider.kagramat.us.edu.pl\/index.php\/wp-json\/wp\/v2\/pages"}],"about":[{"href":"https:\/\/lider.kagramat.us.edu.pl\/index.php\/wp-json\/wp\/v2\/types\/page"}],"author":[{"embeddable":true,"href":"https:\/\/lider.kagramat.us.edu.pl\/index.php\/wp-json\/wp\/v2\/users\/1"}],"replies":[{"embeddable":true,"href":"https:\/\/lider.kagramat.us.edu.pl\/index.php\/wp-json\/wp\/v2\/comments?post=72"}],"version-history":[{"count":4,"href":"https:\/\/lider.kagramat.us.edu.pl\/index.php\/wp-json\/wp\/v2\/pages\/72\/revisions"}],"predecessor-version":[{"id":81,"href":"https:\/\/lider.kagramat.us.edu.pl\/index.php\/wp-json\/wp\/v2\/pages\/72\/revisions\/81"}],"wp:attachment":[{"href":"https:\/\/lider.kagramat.us.edu.pl\/index.php\/wp-json\/wp\/v2\/media?parent=72"}],"curies":[{"name":"wp","href":"https:\/\/api.w.org\/{rel}","templated":true}]}}